{"id":4910,"date":"2022-02-11T15:48:04","date_gmt":"2022-02-11T14:48:04","guid":{"rendered":"https:\/\/www.billiani.it\/azienda\/"},"modified":"2024-12-18T11:58:51","modified_gmt":"2024-12-18T10:58:51","slug":"azienda","status":"publish","type":"page","link":"https:\/\/www.billiani.it\/fr\/azienda\/","title":{"rendered":"Agence"},"content":{"rendered":"\n<div style=\"height:25px\" aria-hidden=\"true\" class=\"wp-block-spacer\"><\/div>\n\n\n\n<div class=\"wp-block-columns is-layout-flex wp-container-core-columns-is-layout-9d6595d7 wp-block-columns-is-layout-flex\">\n<div class=\"wp-block-column is-layout-flow wp-block-column-is-layout-flow\" style=\"flex-basis:25%\"><\/div>\n\n\n\n<div class=\"wp-block-column is-layout-flow wp-block-column-is-layout-flow\" style=\"flex-basis:50%\">\n<p class=\"has-text-align-center cormorant has-large-font-size\">Billiani est \u00e0 la fois une entreprise et une fili\u00e8re d&rsquo;excellence compos\u00e9e d&rsquo;entreprises artisanales avec des si\u00e8cles d&rsquo;histoire, chacune sp\u00e9cialis\u00e9e dans une phase sp\u00e9cifique de la production.<\/p>\n<\/div>\n\n\n\n<div class=\"wp-block-column is-layout-flow wp-block-column-is-layout-flow\" style=\"flex-basis:25%\"><\/div>\n<\/div>\n\n\n\n<div style=\"height:65px\" aria-hidden=\"true\" class=\"wp-block-spacer\"><\/div>\n\n\n\n<figure class=\"wp-block-image size-full\"><img loading=\"lazy\" decoding=\"async\" width=\"1357\" height=\"825\" src=\"https:\/\/billiani.it\/wp-content\/uploads\/2022\/02\/billiani-azienda-01.jpg\" alt=\"\" class=\"wp-image-361\" srcset=\"https:\/\/www.billiani.it\/wp-content\/uploads\/2022\/02\/billiani-azienda-01.jpg 1357w, https:\/\/www.billiani.it\/wp-content\/uploads\/2022\/02\/billiani-azienda-01-600x365.jpg 600w, https:\/\/www.billiani.it\/wp-content\/uploads\/2022\/02\/billiani-azienda-01-300x182.jpg 300w, https:\/\/www.billiani.it\/wp-content\/uploads\/2022\/02\/billiani-azienda-01-1024x623.jpg 1024w, https:\/\/www.billiani.it\/wp-content\/uploads\/2022\/02\/billiani-azienda-01-768x467.jpg 768w\" sizes=\"auto, (max-width: 1357px) 100vw, 1357px\" \/><\/figure>\n\n\n\n<div style=\"height:100px\" aria-hidden=\"true\" class=\"wp-block-spacer\"><\/div>\n\n\n\n<div style=\"height:80px\" aria-hidden=\"true\" class=\"wp-block-spacer\"><\/div>\n\n\n\n<div class=\"wp-block-columns is-layout-flex wp-container-core-columns-is-layout-9d6595d7 wp-block-columns-is-layout-flex\">\n<div class=\"wp-block-column is-layout-flow wp-block-column-is-layout-flow\" style=\"flex-basis:25%\"><\/div>\n\n\n\n<div class=\"wp-block-column is-layout-flow wp-block-column-is-layout-flow\" style=\"flex-basis:50%\">\n<p class=\"has-text-align-center cormorant has-medium-font-size\">Billiani est \u00e0 la fois une entreprise et une fili\u00e8re d&rsquo;excellence compos\u00e9e d&rsquo;entreprises artisanales avec des si\u00e8cles d&rsquo;histoire, chacune sp\u00e9cialis\u00e9e dans une phase sp\u00e9cifique de la production.<\/p>\n<\/div>\n\n\n\n<div class=\"wp-block-column is-layout-flow wp-block-column-is-layout-flow\" style=\"flex-basis:25%\"><\/div>\n<\/div>\n\n\n\n<div style=\"height:80px\" aria-hidden=\"true\" class=\"wp-block-spacer\"><\/div>\n\n\n\n<div style=\"height:100px\" aria-hidden=\"true\" class=\"wp-block-spacer\"><\/div>\n\n\n\n<div class=\"wp-block-columns is-layout-flex wp-container-core-columns-is-layout-9d6595d7 wp-block-columns-is-layout-flex\">\n<div class=\"wp-block-column is-layout-flow wp-block-column-is-layout-flow\">\n<figure class=\"wp-block-image size-large\"><img loading=\"lazy\" decoding=\"async\" width=\"735\" height=\"1024\" src=\"https:\/\/billiani.it\/wp-content\/uploads\/2022\/02\/billiani-about-735x1024.jpg\" alt=\"\" class=\"wp-image-257\" srcset=\"https:\/\/www.billiani.it\/wp-content\/uploads\/2022\/02\/billiani-about-735x1024.jpg 735w, https:\/\/www.billiani.it\/wp-content\/uploads\/2022\/02\/billiani-about-600x836.jpg 600w, https:\/\/www.billiani.it\/wp-content\/uploads\/2022\/02\/billiani-about-215x300.jpg 215w, https:\/\/www.billiani.it\/wp-content\/uploads\/2022\/02\/billiani-about-768x1070.jpg 768w, https:\/\/www.billiani.it\/wp-content\/uploads\/2022\/02\/billiani-about-1102x1536.jpg 1102w, https:\/\/www.billiani.it\/wp-content\/uploads\/2022\/02\/billiani-about-646x900.jpg 646w, https:\/\/www.billiani.it\/wp-content\/uploads\/2022\/02\/billiani-about.jpg 1182w\" sizes=\"auto, (max-width: 735px) 100vw, 735px\" \/><\/figure>\n<\/div>\n\n\n\n<div class=\"wp-block-column is-layout-flow wp-block-column-is-layout-flow\">\n<p class=\"cormorant has-medium-font-size\">Histoire<\/p>\n\n\n\n<p class=\"has-medium-font-size\">L\u2019entreprise est n\u00e9e en 1911 pour \u00e9diter des chaises en bois courb\u00e9es et rembourr\u00e9es. L\u2019usine familiale se trouve dans le c\u0153ur de ce qui apr\u00e8s la Seconde Guerre mondiale deviendra le quartier de la chaise: les fr\u00e8res Ottone, Orlando, Lino e Bruno Billiani seront les protagonistes des ann\u00e9es du <em>boom<\/em>. En 1986, la troisi\u00e8me g\u00e9n\u00e9ration rejoint l&rsquo;entreprise et Billiani d\u00e9vient synonyme de si\u00e8ges pour les grosses commandes, notamment \u00e0 l\u2019\u00e9tranger.<\/p>\n\n\n\n<p class=\"has-medium-font-size\">\u00c0 la fin des ann\u00e9es \u201990, Luigi Billiani, qui porte le m\u00eame nom du grand-p\u00e8re et qui a une formation en architecture, d\u00e9cide d\u2019entreprendre la voie du design et de cr\u00e9er la soci\u00e9t\u00e9 Billiani d\u2019aujourd\u2019hui avec sa femme Veronik Romanutti.&nbsp;<\/p>\n<\/div>\n<\/div>\n\n\n\n<div style=\"height:100px\" aria-hidden=\"true\" class=\"wp-block-spacer\"><\/div>\n\n\n\n<div style=\"height:80px\" aria-hidden=\"true\" class=\"wp-block-spacer\"><\/div>\n\n\n\n<div class=\"wp-block-columns is-layout-flex wp-container-core-columns-is-layout-9d6595d7 wp-block-columns-is-layout-flex\">\n<div class=\"wp-block-column is-layout-flow wp-block-column-is-layout-flow\" style=\"flex-basis:25%\"><\/div>\n\n\n\n<div class=\"wp-block-column is-layout-flow wp-block-column-is-layout-flow\" style=\"flex-basis:50%\">\n<p class=\"has-text-align-center\">Le d\u00e9but a eu lieu au Salon del Mobile de Milan du 2002, en pr\u00e9sentant un stand provocateur sur lequel flottait le drapeau du design: il a \u00e9t\u00e9 con\u00e7u par Marco Ferreri, qui a \u00e9galement dessin\u00e9 une chaise qui a touch\u00e9 le Compasso d&rsquo;Oro. Pendant que le lien avec la tradition est assur\u00e9 par les projets du maitre d\u2019art Werther Toffoloni, le partenariat avec Emilio Nanni inaugure une nouvelle \u00e8re: color\u00e9e, pop, insouciante. La liste des projets s&rsquo;allonge, dont certains entrent dans les mus\u00e9es, du MoMA de New York \u00e0 la Triennale de Milan.<br>En 2019, la direction artistique est confi\u00e9e \u00e0 Cristina Celestino, architecte et designer de Milan.<br>La chaise reste centrale tout comme la mati\u00e8re du bois, fil rouge de la collection.<\/p>\n\n\n\n<p class=\"has-text-align-center has-small-font-size\">D\u00e9couvrez nos designers<\/p>\n<\/div>\n\n\n\n<div class=\"wp-block-column is-layout-flow wp-block-column-is-layout-flow\" style=\"flex-basis:25%\"><\/div>\n<\/div>\n\n\n\n<div style=\"height:100px\" aria-hidden=\"true\" class=\"wp-block-spacer\"><\/div>\n\n\n\n<div style=\"height:80px\" aria-hidden=\"true\" class=\"wp-block-spacer\"><\/div>\n\n\n\n<div class=\"wp-block-columns is-layout-flex wp-container-core-columns-is-layout-9d6595d7 wp-block-columns-is-layout-flex\">\n<div class=\"wp-block-column is-layout-flow wp-block-column-is-layout-flow\">\n<figure class=\"wp-block-image size-full\"><img loading=\"lazy\" decoding=\"async\" width=\"1343\" height=\"1850\" src=\"https:\/\/billiani.it\/wp-content\/uploads\/2022\/03\/billiani-azienda-01.jpg\" alt=\"\" class=\"wp-image-694\" srcset=\"https:\/\/www.billiani.it\/wp-content\/uploads\/2022\/03\/billiani-azienda-01.jpg 1343w, https:\/\/www.billiani.it\/wp-content\/uploads\/2022\/03\/billiani-azienda-01-600x827.jpg 600w, https:\/\/www.billiani.it\/wp-content\/uploads\/2022\/03\/billiani-azienda-01-218x300.jpg 218w, https:\/\/www.billiani.it\/wp-content\/uploads\/2022\/03\/billiani-azienda-01-743x1024.jpg 743w, https:\/\/www.billiani.it\/wp-content\/uploads\/2022\/03\/billiani-azienda-01-768x1058.jpg 768w, https:\/\/www.billiani.it\/wp-content\/uploads\/2022\/03\/billiani-azienda-01-1115x1536.jpg 1115w, https:\/\/www.billiani.it\/wp-content\/uploads\/2022\/03\/billiani-azienda-01-653x900.jpg 653w\" sizes=\"auto, (max-width: 1343px) 100vw, 1343px\" \/><\/figure>\n\n\n\n<p class=\"cormorant\">Made in Italy<\/p>\n\n\n\n<p>Le travail de Billiani se lie et s\u2019entrance avec la production locale: une garantie de qualit\u00e9 mais aussi un investissement sur la fili\u00e8re, puisque chaque innovation enrichit le know-how de tout le territoire.<\/p>\n\n\n\n<p class=\"has-small-font-size\"><a href=\"https:\/\/billiani.it\/collezioni\/\" data-type=\"page\" data-id=\"208\">Regardez nos collections<\/a><\/p>\n<\/div>\n\n\n\n<div class=\"wp-block-column is-layout-flow wp-block-column-is-layout-flow\">\n<figure class=\"wp-block-image size-full\"><img loading=\"lazy\" decoding=\"async\" width=\"1343\" height=\"1850\" src=\"https:\/\/billiani.it\/wp-content\/uploads\/2022\/03\/billiani-azienda-02.jpg\" alt=\"\" class=\"wp-image-695\" srcset=\"https:\/\/www.billiani.it\/wp-content\/uploads\/2022\/03\/billiani-azienda-02.jpg 1343w, https:\/\/www.billiani.it\/wp-content\/uploads\/2022\/03\/billiani-azienda-02-600x827.jpg 600w, https:\/\/www.billiani.it\/wp-content\/uploads\/2022\/03\/billiani-azienda-02-218x300.jpg 218w, https:\/\/www.billiani.it\/wp-content\/uploads\/2022\/03\/billiani-azienda-02-743x1024.jpg 743w, https:\/\/www.billiani.it\/wp-content\/uploads\/2022\/03\/billiani-azienda-02-768x1058.jpg 768w, https:\/\/www.billiani.it\/wp-content\/uploads\/2022\/03\/billiani-azienda-02-1115x1536.jpg 1115w, https:\/\/www.billiani.it\/wp-content\/uploads\/2022\/03\/billiani-azienda-02-653x900.jpg 653w\" sizes=\"auto, (max-width: 1343px) 100vw, 1343px\" \/><\/figure>\n\n\n\n<p class=\"cormorant\">Contract<\/p>\n\n\n\n<p>La flexibilit\u00e9 de production et la r\u00e9activit\u00e9 sont les premi\u00e8res caract\u00e9ristiques exig\u00e9es par le monde du contract qui, aujourd\u2019hui, est bien plus: c\u2019est la personnalisation, la capacit\u00e9 \u00e0 traduire un concept en une s\u00e9rie compl\u00e8te de produits, le souci du d\u00e9tail, la robustesse.&nbsp;<\/p>\n\n\n\n<p class=\"has-small-font-size\">Regardez nos r\u00e9alisations<\/p>\n<\/div>\n<\/div>\n\n\n\n<div style=\"height:100px\" aria-hidden=\"true\" class=\"wp-block-spacer\"><\/div>\n\n\n<\/div> <div class=\"sfondo-pagina wow fadeIn\" id=\"block_2c00fae2e77de57bf2fda2f1357b3ed9\" style=\"background-color:#e0dbd0\">\n <div class=\"innerBlock\">\n\n<div class=\"wp-block-columns is-layout-flex wp-container-core-columns-is-layout-9d6595d7 wp-block-columns-is-layout-flex\">\n<div class=\"wp-block-column is-layout-flow wp-block-column-is-layout-flow\" style=\"flex-basis:15%\"><\/div>\n\n\n\n<div class=\"wp-block-column is-layout-flow wp-block-column-is-layout-flow\" style=\"flex-basis:70%\">\n<div style=\"height:60px\" aria-hidden=\"true\" class=\"wp-block-spacer\"><\/div>\n\n\n\n<p class=\"has-text-align-center cormorant\">Durabilit\u00e9<\/p>\n\n\n\n<p class=\"has-text-align-center\">Le bois n\u2019est pas seulement notre mat\u00e9riau de pr\u00e9dilection, c\u2019est le pivot d\u2019une philosophie inspir\u00e9e par la durabilit\u00e9.<br>Pour nos produits nous utilisons uniquement <span style=\"text-decoration: underline;\">du bois certifi\u00e9 <span style=\"text-decoration: underline;\">FSC\u00ae et PEFC<\/span><\/span>, deux normes internationales qui garantissent une gestion responsable du patrimoine forestier.<br><br><\/p>\n\n\n\n<div class=\"wp-block-group is-content-justification-center is-nowrap is-layout-flex wp-container-core-group-is-layout-94bc23d7 wp-block-group-is-layout-flex\">\n<figure class=\"wp-block-image size-full is-resized\"><a href=\"https:\/\/www.billiani.it\/wp-content\/uploads\/2024\/12\/POLITICA-FSC-1.pdf\" target=\"_blank\" rel=\"noreferrer noopener\"><img loading=\"lazy\" decoding=\"async\" width=\"346\" height=\"176\" src=\"https:\/\/www.billiani.it\/wp-content\/uploads\/2023\/10\/Raggruppa-309.png\" alt=\"\" class=\"wp-image-7376\" style=\"aspect-ratio:1.9659090909090908;width:123px;height:auto\" srcset=\"https:\/\/www.billiani.it\/wp-content\/uploads\/2023\/10\/Raggruppa-309.png 346w, https:\/\/www.billiani.it\/wp-content\/uploads\/2023\/10\/Raggruppa-309-300x153.png 300w\" sizes=\"auto, (max-width: 346px) 100vw, 346px\" \/><\/a><\/figure>\n\n\n\n<figure class=\"wp-block-image size-full is-resized\"><a href=\"https:\/\/www.billiani.it\/wp-content\/uploads\/2023\/10\/politica-pefc.pdf\" target=\"_blank\" rel=\"noreferrer noopener\"><img loading=\"lazy\" decoding=\"async\" width=\"378\" height=\"259\" src=\"https:\/\/www.billiani.it\/wp-content\/uploads\/2023\/10\/pefc-label-pefc18-32-77-logo-sito-orizzontale.png\" alt=\"\" class=\"wp-image-7379\" style=\"aspect-ratio:1.4594594594594594;width:112px;height:auto\" srcset=\"https:\/\/www.billiani.it\/wp-content\/uploads\/2023\/10\/pefc-label-pefc18-32-77-logo-sito-orizzontale.png 378w, https:\/\/www.billiani.it\/wp-content\/uploads\/2023\/10\/pefc-label-pefc18-32-77-logo-sito-orizzontale-300x206.png 300w\" sizes=\"auto, (max-width: 378px) 100vw, 378px\" \/><\/a><\/figure>\n<\/div>\n\n\n\n<div style=\"height:20px\" aria-hidden=\"true\" class=\"wp-block-spacer\"><\/div>\n\n\n\n<p class=\"has-text-align-center\"> <br>Toujours dans une optique de protection de l&rsquo;environnement, nous avons r\u00e9cemment install\u00e9 des panneaux photovolta\u00efques pour produire l&rsquo;\u00e9nergie n\u00e9cessaire \u00e0 nos activit\u00e9s. Nous combinons l&rsquo;aspect \u00e9cologique avec l&rsquo;\u00e9thique: notre <span style=\"text-decoration: underline;\">production z\u00e9ro<\/span> km est respectueuse des personnes et des communaut\u00e9s impliqu\u00e9es.<\/p>\n\n\n\n<div style=\"height:60px\" aria-hidden=\"true\" class=\"wp-block-spacer\"><\/div>\n<\/div>\n\n\n\n<div class=\"wp-block-column is-layout-flow wp-block-column-is-layout-flow\" style=\"flex-basis:15%\"><\/div>\n<\/div>\n\n<\/div>\n<\/div>\n\n\n\t\t<div class=\"wrapper\">\n\n\n<div style=\"height:100px\" aria-hidden=\"true\" class=\"wp-block-spacer\"><\/div>\n\n\n\n<div class=\"wp-block-columns is-layout-flex wp-container-core-columns-is-layout-9d6595d7 wp-block-columns-is-layout-flex\">\n<div class=\"wp-block-column is-layout-flow wp-block-column-is-layout-flow\" style=\"flex-basis:25%\"><\/div>\n\n\n\n<div class=\"wp-block-column is-layout-flow wp-block-column-is-layout-flow\" style=\"flex-basis:50%\">\n<p class=\"has-text-align-center cormorant has-medium-font-size\">En 1911, Billiani est n\u00e9 du d\u00e9passement d\u2019une fronti\u00e8re qui, plus d&rsquo;un si\u00e8cle plus tard, est une cl\u00e9 pour comprendre le design, \u00e0 cheval entre tradition et exp\u00e9rimentation; entre production artisanale et industrielle; entre monde du contract et r\u00e9sidentiel.<\/p>\n<\/div>\n\n\n\n<div class=\"wp-block-column is-layout-flow wp-block-column-is-layout-flow\" style=\"flex-basis:25%\"><\/div>\n<\/div>\n\n\n\n<div style=\"height:100px\" aria-hidden=\"true\" class=\"wp-block-spacer\"><\/div>\n\n\n <div class=\"contatti-pagina wow fadeIn\" id=\"block_c4ee3cbe40ad58bfef3807d5a47d886f\">\n <button class=\"button-modale\" data-target=\"#modaleblock_c4ee3cbe40ad58bfef3807d5a47d886f\">\n <div class=\"innerBlock\">\n\n<p class=\"has-medium-font-size\">Contactez-nous<\/p>\n\n<\/div>\n <\/button>\n <div id=\"modaleblock_c4ee3cbe40ad58bfef3807d5a47d886f\" class=\"modale-contatti\">\n <button class=\"chiudi\" data-target=\"#modaleblock_c4ee3cbe40ad58bfef3807d5a47d886f\"><\/button>\n\n<div class=\"wpcf7 no-js\" id=\"wpcf7-f375-o1\" lang=\"it-IT\" dir=\"ltr\" data-wpcf7-id=\"375\">\n<div class=\"screen-reader-response\"><p role=\"status\" aria-live=\"polite\" aria-atomic=\"true\"><\/p> <ul><\/ul><\/div>\n<form action=\"\/fr\/wp-json\/wp\/v2\/pages\/4910#wpcf7-f375-o1\" method=\"post\" class=\"wpcf7-form init\" aria-label=\"Modulo di contatto\" novalidate=\"novalidate\" data-status=\"init\">\n<fieldset class=\"hidden-fields-container\"><input type=\"hidden\" name=\"_wpcf7\" value=\"375\" \/><input type=\"hidden\" name=\"_wpcf7_version\" value=\"6.1.5\" \/><input type=\"hidden\" name=\"_wpcf7_locale\" value=\"it_IT\" \/><input type=\"hidden\" name=\"_wpcf7_unit_tag\" value=\"wpcf7-f375-o1\" \/><input type=\"hidden\" name=\"_wpcf7_container_post\" value=\"0\" \/><input type=\"hidden\" name=\"_wpcf7_posted_data_hash\" value=\"\" \/><input type=\"hidden\" name=\"_wpcf7_recaptcha_response\" value=\"\" \/>\n<\/fieldset>\n<h2>Contattaci\n<\/h2>\n<p>Contattaci per chiedere informazioni e per la promozione e la vendita dei prodotti Billiani.\n<\/p>\n<p><label><span class=\"wpcf7-form-control-wrap\" data-name=\"nome\"><input size=\"40\" maxlength=\"400\" class=\"wpcf7-form-control wpcf7-text wpcf7-validates-as-required\" aria-required=\"true\" aria-invalid=\"false\" placeholder=\"Nome\" value=\"\" type=\"text\" name=\"nome\" \/><\/span> <\/label><label><span class=\"wpcf7-form-control-wrap\" data-name=\"cognome\"><input size=\"40\" maxlength=\"400\" class=\"wpcf7-form-control wpcf7-text wpcf7-validates-as-required\" aria-required=\"true\" aria-invalid=\"false\" placeholder=\"Cognome\" value=\"\" type=\"text\" name=\"cognome\" \/><\/span> <\/label>\n<\/p>\n<p><label><span class=\"wpcf7-form-control-wrap\" data-name=\"email\"><input size=\"40\" maxlength=\"400\" class=\"wpcf7-form-control wpcf7-email wpcf7-validates-as-required wpcf7-text wpcf7-validates-as-email\" aria-required=\"true\" aria-invalid=\"false\" placeholder=\"E-mail\" value=\"\" type=\"email\" name=\"email\" \/><\/span><\/label>\n<\/p>\n<p><label><span class=\"wpcf7-form-control-wrap\" data-name=\"azienda\"><input size=\"40\" maxlength=\"400\" class=\"wpcf7-form-control wpcf7-text\" aria-invalid=\"false\" placeholder=\"Azienda\/Privato\" value=\"\" type=\"text\" name=\"azienda\" \/><\/span> <\/label><label><span class=\"wpcf7-form-control-wrap\" data-name=\"paese\"><input size=\"40\" maxlength=\"400\" class=\"wpcf7-form-control wpcf7-text wpcf7-validates-as-required\" aria-required=\"true\" aria-invalid=\"false\" placeholder=\"Paese\" value=\"\" type=\"text\" name=\"paese\" \/><\/span> <\/label>\n<\/p>\n<p><label><span class=\"wpcf7-form-control-wrap\" data-name=\"messaggio\"><textarea cols=\"40\" rows=\"10\" maxlength=\"2000\" class=\"wpcf7-form-control wpcf7-textarea\" aria-invalid=\"false\" placeholder=\"Messaggio\" name=\"messaggio\"><\/textarea><\/span><\/label>\n<\/p>\n<p class=\"google-privacy\">This site is protected by reCAPTCHA and the Google <a href=\"https:\/\/policies.google.com\/privacy\">Privacy Policy<\/a> and <a href=\"https:\/\/policies.google.com\/terms\">Terms of Service<\/a> apply.\n<\/p>\n<p class=\"google-privacy\"><span class=\"wpcf7-form-control-wrap\" data-name=\"privacy\"><span class=\"wpcf7-form-control wpcf7-acceptance\"><span class=\"wpcf7-list-item\"><label><input type=\"checkbox\" name=\"privacy\" value=\"1\" aria-invalid=\"false\" \/><span class=\"wpcf7-list-item-label\">Ai sensi e per gli effetti degli articoli 7, 13, 15 e ss del Reg. (UE) 2016\/679 dichiaro di aver preso visione dell\u2019Informativa per il Trattamento dei Dati Personali alla finalit\u00e0 di contatto.<\/span><\/label><\/span><\/span><\/span><label><input class=\"wpcf7-form-control wpcf7-submit has-spinner\" type=\"submit\" value=\"Invia\" \/><\/label>\n<\/p><input type='hidden' class='wpcf7-pum' value='{\"closepopup\":false,\"closedelay\":0,\"openpopup\":false,\"openpopup_id\":0}' \/><div class=\"wpcf7-response-output\" aria-hidden=\"true\"><\/div>\n<\/form>\n<\/div>\n<div class=\"grazie\"><h2>Thank you!<\/h2>\n<p>The Billiani&rsquo;s team will contact you.<\/p><\/div>\n<\/div>\n<\/div>\n    <script>\n\t\tdocument.addEventListener( 'wpcf7mailsent', function( event ) {\n\t\t\tjQuery('.grazie').addClass('open');\n}, false );\n\n\t\t\n\t<\/script>\n\n\t\t\n\n\n<div style=\"height:60px\" aria-hidden=\"true\" class=\"wp-block-spacer\"><\/div>\n","protected":false},"excerpt":{"rendered":"<p>Billiani est \u00e0 la fois une entreprise et une fili\u00e8re d&rsquo;excellence compos\u00e9e d&rsquo;entreprises artisanales avec des si\u00e8cles d&rsquo;histoire, chacune sp\u00e9cialis\u00e9e dans une phase sp\u00e9cifique de la production. Billiani est \u00e0 la fois une entreprise et une fili\u00e8re d&rsquo;excellence compos\u00e9e d&rsquo;entreprises artisanales avec des si\u00e8cles d&rsquo;histoire, chacune sp\u00e9cialis\u00e9e dans une phase sp\u00e9cifique de la production. Histoire&#8230;<\/p>\n","protected":false},"author":1,"featured_media":0,"parent":0,"menu_order":47,"comment_status":"closed","ping_status":"closed","template":"","meta":{"_acf_changed":false,"footnotes":""},"class_list":["post-4910","page","type-page","status-publish","hentry"],"acf":[],"_links":{"self":[{"href":"https:\/\/www.billiani.it\/fr\/wp-json\/wp\/v2\/pages\/4910","targetHints":{"allow":["GET"]}}],"collection":[{"href":"https:\/\/www.billiani.it\/fr\/wp-json\/wp\/v2\/pages"}],"about":[{"href":"https:\/\/www.billiani.it\/fr\/wp-json\/wp\/v2\/types\/page"}],"author":[{"embeddable":true,"href":"https:\/\/www.billiani.it\/fr\/wp-json\/wp\/v2\/users\/1"}],"replies":[{"embeddable":true,"href":"https:\/\/www.billiani.it\/fr\/wp-json\/wp\/v2\/comments?post=4910"}],"version-history":[{"count":8,"href":"https:\/\/www.billiani.it\/fr\/wp-json\/wp\/v2\/pages\/4910\/revisions"}],"predecessor-version":[{"id":13538,"href":"https:\/\/www.billiani.it\/fr\/wp-json\/wp\/v2\/pages\/4910\/revisions\/13538"}],"wp:attachment":[{"href":"https:\/\/www.billiani.it\/fr\/wp-json\/wp\/v2\/media?parent=4910"}],"curies":[{"name":"wp","href":"https:\/\/api.w.org\/{rel}","templated":true}]}}