{"id":10605,"date":"2024-09-02T17:08:16","date_gmt":"2024-09-02T15:08:16","guid":{"rendered":"https:\/\/www.billiani.it\/product\/pinocchio\/"},"modified":"2025-09-22T14:46:01","modified_gmt":"2025-09-22T12:46:01","slug":"pinocchio","status":"publish","type":"product","link":"https:\/\/www.billiani.it\/fr\/prodotto\/pinocchio\/","title":{"rendered":"The Biggest Lie &#8211; \u00c9dition limit\u00e9e"},"content":{"rendered":"","protected":false},"excerpt":{"rendered":"<p><strong>Matteo Ragni per Billiani<\/strong><\/p>\n<p>Un Pinocchio\u00a0r\u00e9solument menteur, naturellement en bois, mais avec des traits qui rappellent vaguement la forme d&rsquo;une balle qui &#8211; il faut le dire &#8211; \u00ab tire gros \u00bb : \u00ab La guerre est juste \u00bb, le plus grand mensonge qu&rsquo;on puisse prof\u00e9rer, toujours et de toute fa\u00e7on. Il n\u2019y a pas et il n\u2019y aura jamais de guerre juste. Ainsi, comme dans le meilleur des contes de f\u00e9es, il y aura t\u00f4t ou tard une fin heureuse qui redonnera le sourire aux enfants d&rsquo;aujourd&rsquo;hui, aux hommes de<br \/>\nla paix de demain.<\/p>\n<p>Le premier Pinocchio \u201cThe Biggest Lie\u201ca \u00e9t\u00e9 pr\u00e9sent\u00e9 \u00e0 l&rsquo;<strong>ADI Design Museum<\/strong> de Milan entre novembre 2023 et f\u00e9vrier 2024 lors de l&rsquo;exposition \u00ab\u00a0Cher Pinocchio, les designers et graphistes italiens redessinent la marionnette la plus c\u00e9l\u00e8bre du monde\u00a0\u00bb organis\u00e9e par Giulio Iacchetti.<\/p>\n<p>Design Matteo Ragni<\/p>\n<p>&nbsp;<\/p>\n<p><strong>PRODUIT EN \u00c9DITION LIMIT\u00c9E \u00c0 100 PI\u00c8CES NUM\u00c9ROT\u00c9ES<\/strong><\/p>\n<p>\ud83d\udce6 <strong>EXP\u00c9DITION IMM\u00c9DIATE<\/strong><\/p>\n<p>&nbsp;<\/p>\n<p><strong>Mat\u00e9riau<\/strong>: fr\u00eane<\/p>\n","protected":false},"featured_media":10397,"template":"","meta":{"_acf_changed":false},"product_brand":[],"product_cat":[240],"product_tag":[],"class_list":{"0":"post-10605","1":"product","2":"type-product","3":"status-publish","4":"has-post-thumbnail","6":"product_cat-worldwide-fr","7":"product_shipping_class-per-ordine-fr","9":"first","10":"instock","11":"sale","12":"taxable","13":"shipping-taxable","14":"purchasable","15":"product-type-simple"},"acf":[],"_links":{"self":[{"href":"https:\/\/www.billiani.it\/fr\/wp-json\/wp\/v2\/product\/10605","targetHints":{"allow":["GET"]}}],"collection":[{"href":"https:\/\/www.billiani.it\/fr\/wp-json\/wp\/v2\/product"}],"about":[{"href":"https:\/\/www.billiani.it\/fr\/wp-json\/wp\/v2\/types\/product"}],"wp:featuredmedia":[{"embeddable":true,"href":"https:\/\/www.billiani.it\/fr\/wp-json\/wp\/v2\/media\/10397"}],"wp:attachment":[{"href":"https:\/\/www.billiani.it\/fr\/wp-json\/wp\/v2\/media?parent=10605"}],"wp:term":[{"taxonomy":"product_brand","embeddable":true,"href":"https:\/\/www.billiani.it\/fr\/wp-json\/wp\/v2\/product_brand?post=10605"},{"taxonomy":"product_cat","embeddable":true,"href":"https:\/\/www.billiani.it\/fr\/wp-json\/wp\/v2\/product_cat?post=10605"},{"taxonomy":"product_tag","embeddable":true,"href":"https:\/\/www.billiani.it\/fr\/wp-json\/wp\/v2\/product_tag?post=10605"}],"curies":[{"name":"wp","href":"https:\/\/api.w.org\/{rel}","templated":true}]}}