{"id":10617,"date":"2024-09-02T16:49:57","date_gmt":"2024-09-02T14:49:57","guid":{"rendered":"https:\/\/www.billiani.it\/product\/archetype-a-830\/"},"modified":"2026-05-14T11:46:45","modified_gmt":"2026-05-14T09:46:45","slug":"archetype-a-830","status":"publish","type":"product","link":"https:\/\/www.billiani.it\/fr\/prodotto\/archetype-a-830\/","title":{"rendered":"Archetype-A 830"},"content":{"rendered":"","protected":false},"excerpt":{"rendered":"<p>Archetype-A est une chaise empilable en bois con\u00e7ue par Mario Alessiani qui c\u00e9l\u00e8bre les origines et le savoir-faire de l\u2019entreprise. Le design est aussi simple que possible: rien de plus que quatre pieds, assise et dossier, de mani\u00e8re \u00e0 mettre en valeur le bois, mat\u00e9riau de pr\u00e9dilection de Billiani, ramenant la forme \u00e0 son essence la plus pure. Ce qui rend la chaise dynamique, c\u2019est le dossier ergonomique frontalement, qui s\u2019incline pour soutenir l\u2019assise, le rendant plus confortable. La forme de l\u2019assise travaille \u00e9galement dans ce sens, prenant quelque chose \u00e0 la rigueur du design au profit d\u2019un plus grand confort.<\/p>\n<p>Design Mario Alessiani<\/p>\n<p>&nbsp;<\/p>\n<p><strong>Mat\u00e9riau<\/strong>: h\u00eatre<\/p>\n","protected":false},"featured_media":10318,"template":"","meta":{"_acf_changed":false},"product_brand":[],"product_cat":[187],"product_tag":[],"class_list":{"0":"post-10617","1":"product","2":"type-product","3":"status-publish","4":"has-post-thumbnail","6":"product_cat-esclusiva-europa-fr","8":"first","9":"instock","10":"sale","11":"taxable","12":"shipping-taxable","13":"purchasable","14":"product-type-variable","15":"has-default-attributes"},"acf":[],"_links":{"self":[{"href":"https:\/\/www.billiani.it\/fr\/wp-json\/wp\/v2\/product\/10617","targetHints":{"allow":["GET"]}}],"collection":[{"href":"https:\/\/www.billiani.it\/fr\/wp-json\/wp\/v2\/product"}],"about":[{"href":"https:\/\/www.billiani.it\/fr\/wp-json\/wp\/v2\/types\/product"}],"wp:featuredmedia":[{"embeddable":true,"href":"https:\/\/www.billiani.it\/fr\/wp-json\/wp\/v2\/media\/10318"}],"wp:attachment":[{"href":"https:\/\/www.billiani.it\/fr\/wp-json\/wp\/v2\/media?parent=10617"}],"wp:term":[{"taxonomy":"product_brand","embeddable":true,"href":"https:\/\/www.billiani.it\/fr\/wp-json\/wp\/v2\/product_brand?post=10617"},{"taxonomy":"product_cat","embeddable":true,"href":"https:\/\/www.billiani.it\/fr\/wp-json\/wp\/v2\/product_cat?post=10617"},{"taxonomy":"product_tag","embeddable":true,"href":"https:\/\/www.billiani.it\/fr\/wp-json\/wp\/v2\/product_tag?post=10617"}],"curies":[{"name":"wp","href":"https:\/\/api.w.org\/{rel}","templated":true}]}}