{"id":10718,"date":"2024-09-02T16:52:28","date_gmt":"2024-09-02T14:52:28","guid":{"rendered":"https:\/\/www.billiani.it\/product\/lilliput-311\/"},"modified":"2025-11-27T11:57:58","modified_gmt":"2025-11-27T10:57:58","slug":"lilliput-311","status":"publish","type":"product","link":"https:\/\/www.billiani.it\/fr\/prodotto\/lilliput-311\/","title":{"rendered":"Lilliput 311"},"content":{"rendered":"","protected":false},"excerpt":{"rendered":"<p>Lilliput est une collection de tables basses en bois massif de fr\u00eane n\u00e9e d\u2019un d\u00e9tail constructif. Tout tourne autour de l\u2019encastrement \u00e0 peigne des jambes, qui supporte un plateau rond. Les deux \u00e9l\u00e9ments son relies par deux boutons en fr\u00eane naturel, un d\u00e9tail esth\u00e9tique qui r\u00e9v\u00e8le le syst\u00e8me \u00e9l\u00e9mentaire d\u2019assemblage.Et c\u2019est pr\u00e9cis\u00e9ment la facilit\u00e9 d\u2019assemblage qui rend ces tables basses polyvalentes, confortables \u00e0 exp\u00e9dier et rapides \u00e0 mettre en \u0153uvre.<\/p>\n<p>Design Studioventotto<\/p>\n<p>&nbsp;<\/p>\n<p><strong>Mat\u00e9riau<\/strong>: fr\u00eane<\/p>\n<p>&nbsp;<\/p>\n","protected":false},"featured_media":10391,"template":"","meta":{"_acf_changed":false},"product_brand":[],"product_cat":[187],"product_tag":[],"class_list":{"0":"post-10718","1":"product","2":"type-product","3":"status-publish","4":"has-post-thumbnail","6":"product_cat-esclusiva-europa-fr","8":"first","9":"instock","10":"sale","11":"taxable","12":"shipping-taxable","13":"purchasable","14":"product-type-variable","15":"has-default-attributes"},"acf":[],"_links":{"self":[{"href":"https:\/\/www.billiani.it\/fr\/wp-json\/wp\/v2\/product\/10718","targetHints":{"allow":["GET"]}}],"collection":[{"href":"https:\/\/www.billiani.it\/fr\/wp-json\/wp\/v2\/product"}],"about":[{"href":"https:\/\/www.billiani.it\/fr\/wp-json\/wp\/v2\/types\/product"}],"wp:featuredmedia":[{"embeddable":true,"href":"https:\/\/www.billiani.it\/fr\/wp-json\/wp\/v2\/media\/10391"}],"wp:attachment":[{"href":"https:\/\/www.billiani.it\/fr\/wp-json\/wp\/v2\/media?parent=10718"}],"wp:term":[{"taxonomy":"product_brand","embeddable":true,"href":"https:\/\/www.billiani.it\/fr\/wp-json\/wp\/v2\/product_brand?post=10718"},{"taxonomy":"product_cat","embeddable":true,"href":"https:\/\/www.billiani.it\/fr\/wp-json\/wp\/v2\/product_cat?post=10718"},{"taxonomy":"product_tag","embeddable":true,"href":"https:\/\/www.billiani.it\/fr\/wp-json\/wp\/v2\/product_tag?post=10718"}],"curies":[{"name":"wp","href":"https:\/\/api.w.org\/{rel}","templated":true}]}}