{"id":11343,"date":"2024-09-02T17:04:17","date_gmt":"2024-09-02T15:04:17","guid":{"rendered":"https:\/\/www.billiani.it\/product\/le-friulane-golena\/"},"modified":"2025-09-22T15:03:03","modified_gmt":"2025-09-22T13:03:03","slug":"le-friulane-golena-2618","status":"publish","type":"product","link":"https:\/\/www.billiani.it\/fr\/prodotto\/le-friulane-golena-2618\/","title":{"rendered":"Le Friulane &#8211; Tim\u00e8nt"},"content":{"rendered":"","protected":false},"excerpt":{"rendered":"<p>Billiani pr\u00e9sente la collection exclusive de chaussures frioulanes fabriqu\u00e9es \u00e0 la main dans le Frioul par Miez, l\u2019un des tr\u00e8s peu d\u2019entreprises dans le secteur de la publicit\u00e9 laissez-vous inspirer par la technique originale n\u00e9e \u00e0 la fin du XIXe si\u00e8cle.<br \/>\nNos chaussures frioulanes sont fabriqu\u00e9es en utilisant le tissu exclusif Tim\u00e8nt, con\u00e7u par l\u2019architecte Cristina Celestino en 2020, qui s\u2019inspire du Fleuve Tagliamento, le seul d\u2019Europe ne pas avoir subi de changements anthropique et coulant toujours dans son lit d\u2019origine.<\/p>\n<p>&nbsp;<\/p>\n<p>\ud83d\udce6 <strong>EXP\u00c9DITION IMM\u00c9DIATE<\/strong><\/p>\n<p>&nbsp;<\/p>\n<p><strong>Mat\u00e9riel<\/strong>: Tissu<\/p>\n","protected":false},"featured_media":10482,"template":"","meta":{"_acf_changed":false},"product_brand":[],"product_cat":[240],"product_tag":[],"class_list":{"0":"post-11343","1":"product","2":"type-product","3":"status-publish","4":"has-post-thumbnail","6":"product_cat-worldwide-fr","8":"first","9":"instock","10":"sale","11":"taxable","12":"shipping-taxable","13":"purchasable","14":"product-type-variable"},"acf":[],"_links":{"self":[{"href":"https:\/\/www.billiani.it\/fr\/wp-json\/wp\/v2\/product\/11343","targetHints":{"allow":["GET"]}}],"collection":[{"href":"https:\/\/www.billiani.it\/fr\/wp-json\/wp\/v2\/product"}],"about":[{"href":"https:\/\/www.billiani.it\/fr\/wp-json\/wp\/v2\/types\/product"}],"wp:featuredmedia":[{"embeddable":true,"href":"https:\/\/www.billiani.it\/fr\/wp-json\/wp\/v2\/media\/10482"}],"wp:attachment":[{"href":"https:\/\/www.billiani.it\/fr\/wp-json\/wp\/v2\/media?parent=11343"}],"wp:term":[{"taxonomy":"product_brand","embeddable":true,"href":"https:\/\/www.billiani.it\/fr\/wp-json\/wp\/v2\/product_brand?post=11343"},{"taxonomy":"product_cat","embeddable":true,"href":"https:\/\/www.billiani.it\/fr\/wp-json\/wp\/v2\/product_cat?post=11343"},{"taxonomy":"product_tag","embeddable":true,"href":"https:\/\/www.billiani.it\/fr\/wp-json\/wp\/v2\/product_tag?post=11343"}],"curies":[{"name":"wp","href":"https:\/\/api.w.org\/{rel}","templated":true}]}}