{"id":11769,"date":"2024-09-02T16:34:01","date_gmt":"2024-09-02T14:34:01","guid":{"rendered":"https:\/\/www.billiani.it\/product\/tango\/"},"modified":"2024-09-13T15:54:13","modified_gmt":"2024-09-13T13:54:13","slug":"tango","status":"publish","type":"product","link":"https:\/\/www.billiani.it\/fr\/prodotto\/tango\/","title":{"rendered":"Tango 700"},"content":{"rendered":"","protected":false},"excerpt":{"rendered":"<p>Hommage au grand design italien, Tango est un cintre en fr\u00eane avec six \u00e9l\u00e9ments tordus autour d\u2019une articulation centrale. La jonction a \u00e9t\u00e9 le point de d\u00e9part du projet, qui, suivant les pr\u00e9ceptes du minimalisme scandinave, visait \u00e0 ne pas utiliser de vis ni de raccords d\u2019aucune sorte entre les \u00e9l\u00e9ments qui son frais\u00e9s et simplement emboit\u00e9s les uns dans les autres.<\/p>\n<p>&nbsp;<\/p>\n<p>Hauteur: 162 cm<\/p>\n<p>Poids: 6,30 kg<\/p>\n","protected":false},"featured_media":10346,"template":"","meta":{"_acf_changed":false},"product_brand":[],"product_cat":[230],"product_tag":[],"class_list":{"0":"post-11769","1":"product","2":"type-product","3":"status-publish","4":"has-post-thumbnail","6":"product_cat-esclusiva-italia-fr","8":"first","9":"instock","10":"sale","11":"taxable","12":"shipping-taxable","13":"product-type-variable","14":"has-default-attributes"},"acf":[],"_links":{"self":[{"href":"https:\/\/www.billiani.it\/fr\/wp-json\/wp\/v2\/product\/11769","targetHints":{"allow":["GET"]}}],"collection":[{"href":"https:\/\/www.billiani.it\/fr\/wp-json\/wp\/v2\/product"}],"about":[{"href":"https:\/\/www.billiani.it\/fr\/wp-json\/wp\/v2\/types\/product"}],"wp:featuredmedia":[{"embeddable":true,"href":"https:\/\/www.billiani.it\/fr\/wp-json\/wp\/v2\/media\/10346"}],"wp:attachment":[{"href":"https:\/\/www.billiani.it\/fr\/wp-json\/wp\/v2\/media?parent=11769"}],"wp:term":[{"taxonomy":"product_brand","embeddable":true,"href":"https:\/\/www.billiani.it\/fr\/wp-json\/wp\/v2\/product_brand?post=11769"},{"taxonomy":"product_cat","embeddable":true,"href":"https:\/\/www.billiani.it\/fr\/wp-json\/wp\/v2\/product_cat?post=11769"},{"taxonomy":"product_tag","embeddable":true,"href":"https:\/\/www.billiani.it\/fr\/wp-json\/wp\/v2\/product_tag?post=11769"}],"curies":[{"name":"wp","href":"https:\/\/api.w.org\/{rel}","templated":true}]}}