{"id":14700,"date":"2025-04-30T14:04:11","date_gmt":"2025-04-30T12:04:11","guid":{"rendered":"https:\/\/www.billiani.it\/?post_type=product&#038;p=14700"},"modified":"2025-09-22T14:21:23","modified_gmt":"2025-09-22T12:21:23","slug":"stack","status":"publish","type":"product","link":"https:\/\/www.billiani.it\/fr\/prodotto\/stack\/","title":{"rendered":"Stack"},"content":{"rendered":"","protected":false},"excerpt":{"rendered":"<p><span data-teams=\"true\">Stack est une collection de tables en verre souffl\u00e9 color\u00e9. Ils sont con\u00e7us par le designeur Niccol\u00f2 Devetag, fascin\u00e9 par la capacit\u00e9 du verre de combiner valeurs traditionnelles et modernit\u00e9 et de interagir avec la lumi\u00e8re pour apporter des reflets de couleur suggestifs dans l&rsquo;espace, tout en \u00e9tant durable et infiniment recyclable. La modularit\u00e9 du projet le rend extr\u00eamement flexible : en superposant les \u00e9l\u00e9ments, m\u00eame de couleurs diff\u00e9rentes, vous pouvez cr\u00e9er des tables de diff\u00e9rentes hauteurs. Alliant savoir-faire artisanal et formes contemporaines, Stack est l\u2019expression parfaite de la philosophie de Billiani.<\/span><\/p>\n<p>Design Niccol\u00f2 Devetag<\/p>\n<p>&nbsp;<\/p>\n<p><b>Mat\u00e9riel:<\/b> verre souffl\u00e9<\/p>\n","protected":false},"featured_media":14707,"template":"","meta":{"_acf_changed":false},"product_brand":[],"product_cat":[240],"product_tag":[],"class_list":{"0":"post-14700","1":"product","2":"type-product","3":"status-publish","4":"has-post-thumbnail","6":"product_cat-worldwide-fr","8":"first","9":"instock","10":"taxable","11":"shipping-taxable","12":"purchasable","13":"product-type-variable"},"acf":[],"_links":{"self":[{"href":"https:\/\/www.billiani.it\/fr\/wp-json\/wp\/v2\/product\/14700","targetHints":{"allow":["GET"]}}],"collection":[{"href":"https:\/\/www.billiani.it\/fr\/wp-json\/wp\/v2\/product"}],"about":[{"href":"https:\/\/www.billiani.it\/fr\/wp-json\/wp\/v2\/types\/product"}],"wp:featuredmedia":[{"embeddable":true,"href":"https:\/\/www.billiani.it\/fr\/wp-json\/wp\/v2\/media\/14707"}],"wp:attachment":[{"href":"https:\/\/www.billiani.it\/fr\/wp-json\/wp\/v2\/media?parent=14700"}],"wp:term":[{"taxonomy":"product_brand","embeddable":true,"href":"https:\/\/www.billiani.it\/fr\/wp-json\/wp\/v2\/product_brand?post=14700"},{"taxonomy":"product_cat","embeddable":true,"href":"https:\/\/www.billiani.it\/fr\/wp-json\/wp\/v2\/product_cat?post=14700"},{"taxonomy":"product_tag","embeddable":true,"href":"https:\/\/www.billiani.it\/fr\/wp-json\/wp\/v2\/product_tag?post=14700"}],"curies":[{"name":"wp","href":"https:\/\/api.w.org\/{rel}","templated":true}]}}