{"id":15494,"date":"2025-07-03T15:00:04","date_gmt":"2025-07-03T13:00:04","guid":{"rendered":"https:\/\/www.billiani.it\/?post_type=product&#038;p=15494"},"modified":"2025-09-22T16:15:46","modified_gmt":"2025-09-22T14:15:46","slug":"marcel-472","status":"publish","type":"product","link":"https:\/\/www.billiani.it\/fr\/prodotto\/marcel-472\/","title":{"rendered":"Marcel 472"},"content":{"rendered":"","protected":false},"excerpt":{"rendered":"<p>R\u00e9\u00e9dition de l\u2019original des ann\u00e9es soixante-dix, la table basse Marcel est produite en utilisant uniquement une barre ronde en m\u00e9tal et du verre. Un objet tr\u00e8s simple qui n\u2019a pas subi le passage du temps, et qu\u2019aujourd\u2019hui Billiani relit, avec l\u2019aide des h\u00e9ritiers du maitre japonais, dans une plus large gamme de formats et de finitions.<\/p>\n<p>Design Kazuhide Takahama<\/p>\n<p>&nbsp;<\/p>\n<p><strong>Mat\u00e9riau<\/strong>\u00a0: m\u00e9tal \u2013 verre<\/p>\n","protected":false},"featured_media":15394,"template":"","meta":{"_acf_changed":false},"product_brand":[],"product_cat":[187],"product_tag":[],"class_list":{"0":"post-15494","1":"product","2":"type-product","3":"status-publish","4":"has-post-thumbnail","6":"product_cat-esclusiva-europa-fr","8":"first","9":"instock","10":"sale","11":"taxable","12":"shipping-taxable","13":"purchasable","14":"product-type-variable"},"acf":[],"_links":{"self":[{"href":"https:\/\/www.billiani.it\/fr\/wp-json\/wp\/v2\/product\/15494","targetHints":{"allow":["GET"]}}],"collection":[{"href":"https:\/\/www.billiani.it\/fr\/wp-json\/wp\/v2\/product"}],"about":[{"href":"https:\/\/www.billiani.it\/fr\/wp-json\/wp\/v2\/types\/product"}],"wp:featuredmedia":[{"embeddable":true,"href":"https:\/\/www.billiani.it\/fr\/wp-json\/wp\/v2\/media\/15394"}],"wp:attachment":[{"href":"https:\/\/www.billiani.it\/fr\/wp-json\/wp\/v2\/media?parent=15494"}],"wp:term":[{"taxonomy":"product_brand","embeddable":true,"href":"https:\/\/www.billiani.it\/fr\/wp-json\/wp\/v2\/product_brand?post=15494"},{"taxonomy":"product_cat","embeddable":true,"href":"https:\/\/www.billiani.it\/fr\/wp-json\/wp\/v2\/product_cat?post=15494"},{"taxonomy":"product_tag","embeddable":true,"href":"https:\/\/www.billiani.it\/fr\/wp-json\/wp\/v2\/product_tag?post=15494"}],"curies":[{"name":"wp","href":"https:\/\/api.w.org\/{rel}","templated":true}]}}