{"id":15638,"date":"2025-07-03T16:57:21","date_gmt":"2025-07-03T14:57:21","guid":{"rendered":"https:\/\/www.billiani.it\/?post_type=product&#038;p=15638"},"modified":"2025-09-22T17:07:50","modified_gmt":"2025-09-22T15:07:50","slug":"billa-1c54","status":"publish","type":"product","link":"https:\/\/www.billiani.it\/fr\/prodotto\/billa-1c54\/","title":{"rendered":"Billa 1C54"},"content":{"rendered":"","protected":false},"excerpt":{"rendered":"<p>Billa combine des formes arch\u00e9typales et familiales avec un langage contemporain. La variante en m\u00e9tal, avec ou sans accoudoirs, rappelle les si\u00e8ges d\u2019ext\u00e9rieur classiques dans son inspiration vintage.<\/p>\n<p>Design Claudio Avetta<\/p>\n<p>&nbsp;<\/p>\n<p><strong>Mat\u00e9riel<\/strong>: m\u00e9tal<\/p>\n<p>\ud83c\udf31 OUTDOOR<\/p>\n","protected":false},"featured_media":15656,"template":"","meta":{"_acf_changed":false},"product_brand":[],"product_cat":[187],"product_tag":[],"class_list":{"0":"post-15638","1":"product","2":"type-product","3":"status-publish","4":"has-post-thumbnail","6":"product_cat-esclusiva-europa-fr","8":"first","9":"instock","10":"sale","11":"taxable","12":"shipping-taxable","13":"purchasable","14":"product-type-variable"},"acf":[],"_links":{"self":[{"href":"https:\/\/www.billiani.it\/fr\/wp-json\/wp\/v2\/product\/15638","targetHints":{"allow":["GET"]}}],"collection":[{"href":"https:\/\/www.billiani.it\/fr\/wp-json\/wp\/v2\/product"}],"about":[{"href":"https:\/\/www.billiani.it\/fr\/wp-json\/wp\/v2\/types\/product"}],"wp:featuredmedia":[{"embeddable":true,"href":"https:\/\/www.billiani.it\/fr\/wp-json\/wp\/v2\/media\/15656"}],"wp:attachment":[{"href":"https:\/\/www.billiani.it\/fr\/wp-json\/wp\/v2\/media?parent=15638"}],"wp:term":[{"taxonomy":"product_brand","embeddable":true,"href":"https:\/\/www.billiani.it\/fr\/wp-json\/wp\/v2\/product_brand?post=15638"},{"taxonomy":"product_cat","embeddable":true,"href":"https:\/\/www.billiani.it\/fr\/wp-json\/wp\/v2\/product_cat?post=15638"},{"taxonomy":"product_tag","embeddable":true,"href":"https:\/\/www.billiani.it\/fr\/wp-json\/wp\/v2\/product_tag?post=15638"}],"curies":[{"name":"wp","href":"https:\/\/api.w.org\/{rel}","templated":true}]}}