{"id":17147,"date":"2025-11-27T12:22:07","date_gmt":"2025-11-27T11:22:07","guid":{"rendered":"https:\/\/www.billiani.it\/?post_type=product&#038;p=17147"},"modified":"2025-11-27T12:40:10","modified_gmt":"2025-11-27T11:40:10","slug":"puccio-710","status":"publish","type":"product","link":"https:\/\/www.billiani.it\/fr\/prodotto\/puccio-710\/","title":{"rendered":"Puccio 710"},"content":{"rendered":"","protected":false},"excerpt":{"rendered":"<p>La collection Puccio s\u2019est d\u00e9velopp\u00e9e \u00e0 partir d\u2019une r\u00e9flexion sur les tabourets de traite, des sieges sans design ni designers qui, par leur fonctionnalit\u00e9, ont vaincu sans changement le passage des si\u00e8cles. Au fil due temps, la collection s\u2019est \u00e9volu\u00e9e en incluant des tables et des sieges. Con\u00e7ue pour meubler les espaces les plus restreints, ainsi que la version en fr\u00eane, la famille Puccio est \u00e9galement disponible en aciere avec si\u00e8ge en fr\u00eane.<\/p>\n<p>Design Emilio Nanni<\/p>\n","protected":false},"featured_media":10367,"template":"","meta":{"_acf_changed":false},"product_brand":[],"product_cat":[187],"product_tag":[],"class_list":{"0":"post-17147","1":"product","2":"type-product","3":"status-publish","4":"has-post-thumbnail","6":"product_cat-esclusiva-europa-fr","8":"first","9":"instock","10":"sale","11":"taxable","12":"shipping-taxable","13":"purchasable","14":"product-type-variable"},"acf":[],"_links":{"self":[{"href":"https:\/\/www.billiani.it\/fr\/wp-json\/wp\/v2\/product\/17147","targetHints":{"allow":["GET"]}}],"collection":[{"href":"https:\/\/www.billiani.it\/fr\/wp-json\/wp\/v2\/product"}],"about":[{"href":"https:\/\/www.billiani.it\/fr\/wp-json\/wp\/v2\/types\/product"}],"wp:featuredmedia":[{"embeddable":true,"href":"https:\/\/www.billiani.it\/fr\/wp-json\/wp\/v2\/media\/10367"}],"wp:attachment":[{"href":"https:\/\/www.billiani.it\/fr\/wp-json\/wp\/v2\/media?parent=17147"}],"wp:term":[{"taxonomy":"product_brand","embeddable":true,"href":"https:\/\/www.billiani.it\/fr\/wp-json\/wp\/v2\/product_brand?post=17147"},{"taxonomy":"product_cat","embeddable":true,"href":"https:\/\/www.billiani.it\/fr\/wp-json\/wp\/v2\/product_cat?post=17147"},{"taxonomy":"product_tag","embeddable":true,"href":"https:\/\/www.billiani.it\/fr\/wp-json\/wp\/v2\/product_tag?post=17147"}],"curies":[{"name":"wp","href":"https:\/\/api.w.org\/{rel}","templated":true}]}}