{"id":10146,"date":"2024-09-02T16:49:57","date_gmt":"2024-09-02T14:49:57","guid":{"rendered":"https:\/\/www.billiani.it\/it\/?post_type=product&#038;p=10146"},"modified":"2026-05-13T10:15:36","modified_gmt":"2026-05-13T08:15:36","slug":"archetype-a-830","status":"publish","type":"product","link":"https:\/\/www.billiani.it\/it\/prodotto\/archetype-a-830\/","title":{"rendered":"Archetype-A 830"},"content":{"rendered":"","protected":false},"excerpt":{"rendered":"<p>Archetype-A \u00e8 una sedia impilabile in legno, disegnata da Mario Alessiani che celebra le origini e il saper fare dell\u2019azienda. Il design \u00e8 il pi\u00f9 semplice possibile: niente pi\u00f9 di quattro gambe, sedile e spalliera, cos\u00ec da valorizzare il legno, materia d\u2019elezione di Billiani, riportando la forma alla sua essenza pi\u00f9 pura. A rendere dinamica la sedia \u00e8 la spalliera sagomata frontalmente, che si inclina a supportare la seduta rendendola pi\u00f9 comoda ed ergonomica. Anche l\u2019impronta del sedile lavora in questa direzione, concedendo qualcosa al rigore del disegno a favore di un maggiore comfort.<\/p>\n<p>Design Mario Alessiani<\/p>\n<p>&nbsp;<\/p>\n<p><b>Materiale:<\/b> faggio<\/p>\n","protected":false},"featured_media":10316,"template":"","meta":{"_acf_changed":false},"product_brand":[],"product_cat":[144],"product_tag":[],"class_list":{"0":"post-10146","1":"product","2":"type-product","3":"status-publish","4":"has-post-thumbnail","6":"product_cat-esclusiva-europa","8":"first","9":"instock","10":"sale","11":"taxable","12":"shipping-taxable","13":"purchasable","14":"product-type-variable","15":"has-default-attributes"},"acf":[],"_links":{"self":[{"href":"https:\/\/www.billiani.it\/it\/wp-json\/wp\/v2\/product\/10146","targetHints":{"allow":["GET"]}}],"collection":[{"href":"https:\/\/www.billiani.it\/it\/wp-json\/wp\/v2\/product"}],"about":[{"href":"https:\/\/www.billiani.it\/it\/wp-json\/wp\/v2\/types\/product"}],"wp:featuredmedia":[{"embeddable":true,"href":"https:\/\/www.billiani.it\/it\/wp-json\/wp\/v2\/media\/10316"}],"wp:attachment":[{"href":"https:\/\/www.billiani.it\/it\/wp-json\/wp\/v2\/media?parent=10146"}],"wp:term":[{"taxonomy":"product_brand","embeddable":true,"href":"https:\/\/www.billiani.it\/it\/wp-json\/wp\/v2\/product_brand?post=10146"},{"taxonomy":"product_cat","embeddable":true,"href":"https:\/\/www.billiani.it\/it\/wp-json\/wp\/v2\/product_cat?post=10146"},{"taxonomy":"product_tag","embeddable":true,"href":"https:\/\/www.billiani.it\/it\/wp-json\/wp\/v2\/product_tag?post=10146"}],"curies":[{"name":"wp","href":"https:\/\/api.w.org\/{rel}","templated":true}]}}