{"id":10158,"date":"2024-09-02T16:52:28","date_gmt":"2024-09-02T14:52:28","guid":{"rendered":"https:\/\/www.billiani.it\/it\/?post_type=product&#038;p=10158"},"modified":"2025-11-27T12:01:09","modified_gmt":"2025-11-27T11:01:09","slug":"lilliput-311","status":"publish","type":"product","link":"https:\/\/www.billiani.it\/it\/prodotto\/lilliput-311\/","title":{"rendered":"Lilliput 311"},"content":{"rendered":"","protected":false},"excerpt":{"rendered":"<p>Lilliput \u00e8 una collezione di tavolini da caff\u00e8 in legno massello di frassino nata da un dettaglio costruttivo. Tutto ruota attorno all\u2019incastro a pettine delle gambe, che sorreggono un piano rotondo. A congiungere i due elementi sono due pomelli in frassino naturale, particolari estetici che svelano il sistema di tenuta e quello, elementare, di assemblaggio. E proprio la facilit\u00e0 di montaggio e smontaggio \u00e8 ci\u00f2 che rende questi tavolini versatili, comodi da spedire e rapidi da mettere in opera.<\/p>\n<p>Design Studioventotto<\/p>\n<p>&nbsp;<\/p>\n<p><b>Materiale:<\/b>\u00a0frassino<\/p>\n","protected":false},"featured_media":10389,"template":"","meta":{"_acf_changed":false},"product_brand":[],"product_cat":[144],"product_tag":[],"class_list":{"0":"post-10158","1":"product","2":"type-product","3":"status-publish","4":"has-post-thumbnail","6":"product_cat-esclusiva-europa","8":"first","9":"instock","10":"sale","11":"taxable","12":"shipping-taxable","13":"purchasable","14":"product-type-variable","15":"has-default-attributes"},"acf":[],"_links":{"self":[{"href":"https:\/\/www.billiani.it\/it\/wp-json\/wp\/v2\/product\/10158","targetHints":{"allow":["GET"]}}],"collection":[{"href":"https:\/\/www.billiani.it\/it\/wp-json\/wp\/v2\/product"}],"about":[{"href":"https:\/\/www.billiani.it\/it\/wp-json\/wp\/v2\/types\/product"}],"wp:featuredmedia":[{"embeddable":true,"href":"https:\/\/www.billiani.it\/it\/wp-json\/wp\/v2\/media\/10389"}],"wp:attachment":[{"href":"https:\/\/www.billiani.it\/it\/wp-json\/wp\/v2\/media?parent=10158"}],"wp:term":[{"taxonomy":"product_brand","embeddable":true,"href":"https:\/\/www.billiani.it\/it\/wp-json\/wp\/v2\/product_brand?post=10158"},{"taxonomy":"product_cat","embeddable":true,"href":"https:\/\/www.billiani.it\/it\/wp-json\/wp\/v2\/product_cat?post=10158"},{"taxonomy":"product_tag","embeddable":true,"href":"https:\/\/www.billiani.it\/it\/wp-json\/wp\/v2\/product_tag?post=10158"}],"curies":[{"name":"wp","href":"https:\/\/api.w.org\/{rel}","templated":true}]}}