{"id":10161,"date":"2024-09-02T16:52:54","date_gmt":"2024-09-02T14:52:54","guid":{"rendered":"https:\/\/www.billiani.it\/it\/?post_type=product&#038;p=10161"},"modified":"2025-11-27T11:48:12","modified_gmt":"2025-11-27T10:48:12","slug":"lilliput-310","status":"publish","type":"product","link":"https:\/\/www.billiani.it\/it\/prodotto\/lilliput-310\/","title":{"rendered":"Lilliput 310"},"content":{"rendered":"","protected":false},"excerpt":{"rendered":"<p>Lilliput \u00e8 una collezione di tavolini da caff\u00e8 in legno massello di frassino nata da un dettaglio costruttivo. Tutto ruota attorno all\u2019incastro a pettine delle gambe, che sorreggono un piano rotondo. A congiungere i due elementi sono due pomelli in frassino naturale, particolari estetici che svelano il sistema di tenuta e quello, elementare, di assemblaggio. E proprio la facilit\u00e0 di montaggio e smontaggio \u00e8 ci\u00f2 che rende questi tavolini versatili, comodi da spedire e rapidi da mettere in opera.<\/p>\n<p>Design Studioventotto<\/p>\n<p>&nbsp;<\/p>\n<p><strong>Materiale<\/strong>: frassino<\/p>\n","protected":false},"featured_media":10377,"template":"","meta":{"_acf_changed":false},"product_brand":[],"product_cat":[144],"product_tag":[],"class_list":{"0":"post-10161","1":"product","2":"type-product","3":"status-publish","4":"has-post-thumbnail","6":"product_cat-esclusiva-europa","8":"first","9":"instock","10":"sale","11":"taxable","12":"shipping-taxable","13":"purchasable","14":"product-type-variable"},"acf":[],"_links":{"self":[{"href":"https:\/\/www.billiani.it\/it\/wp-json\/wp\/v2\/product\/10161","targetHints":{"allow":["GET"]}}],"collection":[{"href":"https:\/\/www.billiani.it\/it\/wp-json\/wp\/v2\/product"}],"about":[{"href":"https:\/\/www.billiani.it\/it\/wp-json\/wp\/v2\/types\/product"}],"wp:featuredmedia":[{"embeddable":true,"href":"https:\/\/www.billiani.it\/it\/wp-json\/wp\/v2\/media\/10377"}],"wp:attachment":[{"href":"https:\/\/www.billiani.it\/it\/wp-json\/wp\/v2\/media?parent=10161"}],"wp:term":[{"taxonomy":"product_brand","embeddable":true,"href":"https:\/\/www.billiani.it\/it\/wp-json\/wp\/v2\/product_brand?post=10161"},{"taxonomy":"product_cat","embeddable":true,"href":"https:\/\/www.billiani.it\/it\/wp-json\/wp\/v2\/product_cat?post=10161"},{"taxonomy":"product_tag","embeddable":true,"href":"https:\/\/www.billiani.it\/it\/wp-json\/wp\/v2\/product_tag?post=10161"}],"curies":[{"name":"wp","href":"https:\/\/api.w.org\/{rel}","templated":true}]}}