{"id":14690,"date":"2025-04-30T14:04:11","date_gmt":"2025-04-30T12:04:11","guid":{"rendered":"https:\/\/www.billiani.it\/?post_type=product&#038;p=14690"},"modified":"2026-05-13T10:03:36","modified_gmt":"2026-05-13T08:03:36","slug":"stack","status":"publish","type":"product","link":"https:\/\/www.billiani.it\/it\/prodotto\/stack\/","title":{"rendered":"Stack"},"content":{"rendered":"","protected":false},"excerpt":{"rendered":"<p><strong>ARCHIPRODUCTS AWARDS WINNER 2025<\/strong><\/p>\n<p>Stack \u00e8 una collezione di tavolini colorati in vetro soffiato. A firmarli \u00e8 il designer Niccol\u00f2 Devetag, affascinato dalla capacit\u00e0 del vetro di unire valori tradizionali e modernit\u00e0 e di interagire con la luce per portare suggestivi riflessi di colore nello spazio, oltre ad essere durevole e riciclabile all\u2019infinito. La modularit\u00e0 del progetto lo rende estremamente flessibile: sovrapponendo gli elementi, anche di colori diversi, si creano tavolini di varie altezze. Per l\u2019unione fra artigianalit\u00e0 e forme contemporanee, Stack \u00e8 la perfetta espressione della filosofia di Billiani.<\/p>\n<p>Design Niccol\u00f2 Devetag<\/p>\n<p>&nbsp;<\/p>\n<p><b>Materiale:<\/b> vetro soffiato<\/p>\n","protected":false},"featured_media":14705,"template":"","meta":{"_acf_changed":false},"product_brand":[],"product_cat":[233],"product_tag":[],"class_list":{"0":"post-14690","1":"product","2":"type-product","3":"status-publish","4":"has-post-thumbnail","6":"product_cat-worldwide","8":"first","9":"instock","10":"taxable","11":"shipping-taxable","12":"purchasable","13":"product-type-variable"},"acf":[],"_links":{"self":[{"href":"https:\/\/www.billiani.it\/it\/wp-json\/wp\/v2\/product\/14690","targetHints":{"allow":["GET"]}}],"collection":[{"href":"https:\/\/www.billiani.it\/it\/wp-json\/wp\/v2\/product"}],"about":[{"href":"https:\/\/www.billiani.it\/it\/wp-json\/wp\/v2\/types\/product"}],"wp:featuredmedia":[{"embeddable":true,"href":"https:\/\/www.billiani.it\/it\/wp-json\/wp\/v2\/media\/14705"}],"wp:attachment":[{"href":"https:\/\/www.billiani.it\/it\/wp-json\/wp\/v2\/media?parent=14690"}],"wp:term":[{"taxonomy":"product_brand","embeddable":true,"href":"https:\/\/www.billiani.it\/it\/wp-json\/wp\/v2\/product_brand?post=14690"},{"taxonomy":"product_cat","embeddable":true,"href":"https:\/\/www.billiani.it\/it\/wp-json\/wp\/v2\/product_cat?post=14690"},{"taxonomy":"product_tag","embeddable":true,"href":"https:\/\/www.billiani.it\/it\/wp-json\/wp\/v2\/product_tag?post=14690"}],"curies":[{"name":"wp","href":"https:\/\/api.w.org\/{rel}","templated":true}]}}